{"id":457,"date":"2025-12-02T15:25:30","date_gmt":"2025-12-02T15:25:30","guid":{"rendered":"https:\/\/casino-roobet.com\/sv\/?page_id=457"},"modified":"2025-12-09T12:34:15","modified_gmt":"2025-12-09T12:34:15","slug":"roobet-casino","status":"publish","type":"page","link":"https:\/\/casino-roobet.com\/sv\/","title":{"rendered":"Roobet Casino"},"content":{"rendered":"","protected":false},"excerpt":{"rendered":"","protected":false},"author":1,"featured_media":0,"parent":0,"menu_order":0,"comment_status":"closed","ping_status":"closed","template":"","meta":{"inline_featured_image":false,"footnotes":""},"class_list":["post-457","page","type-page","status-publish","hentry"],"yoast_head":"<!-- This site is optimized with the Yoast SEO plugin v27.4 - https:\/\/yoast.com\/product\/yoast-seo-wordpress\/ -->\n<title>Roobet Sverige | Crypto Casino med Bonusar &amp; Snabb Registrering<\/title>\n<meta name=\"description\" content=\"Njut av bonusar, crypto-ins\u00e4ttningar och blixtsnabba uttag. Roobet \u00e4r ett popul\u00e4rt val f\u00f6r svenska spelare som vill spela tryggt och snabbt.\" \/>\n<meta name=\"robots\" content=\"index, follow, max-snippet:-1, max-image-preview:large, max-video-preview:-1\" \/>\n<link rel=\"canonical\" href=\"https:\/\/casino-roobet.com\/sv\/\" \/>\n<meta property=\"og:locale\" content=\"sv_SE\" \/>\n<meta property=\"og:type\" content=\"article\" \/>\n<meta property=\"og:title\" content=\"Roobet Sverige | Crypto Casino med Bonusar &amp; Snabb Registrering\" \/>\n<meta property=\"og:description\" content=\"Njut av bonusar, crypto-ins\u00e4ttningar och blixtsnabba uttag. Roobet \u00e4r ett popul\u00e4rt val f\u00f6r svenska spelare som vill spela tryggt och snabbt.\" \/>\n<meta property=\"og:url\" content=\"https:\/\/casino-roobet.com\/sv\/\" \/>\n<meta property=\"og:site_name\" content=\"Roobet Sv\" \/>\n<meta property=\"article:modified_time\" content=\"2025-12-09T12:34:15+00:00\" \/>\n<meta name=\"twitter:card\" content=\"summary_large_image\" \/>\n<script type=\"application\/ld+json\" class=\"yoast-schema-graph\">{\"@context\":\"https:\\\/\\\/schema.org\",\"@graph\":[{\"@type\":\"WebPage\",\"@id\":\"https:\\\/\\\/casino-roobet.com\\\/sv\\\/\",\"url\":\"https:\\\/\\\/casino-roobet.com\\\/sv\\\/\",\"name\":\"Roobet Sverige | Crypto Casino med Bonusar & Snabb Registrering\",\"isPartOf\":{\"@id\":\"https:\\\/\\\/casino-roobet.com\\\/sv\\\/#website\"},\"datePublished\":\"2025-12-02T15:25:30+00:00\",\"dateModified\":\"2025-12-09T12:34:15+00:00\",\"description\":\"Njut av bonusar, crypto-ins\u00e4ttningar och blixtsnabba uttag. Roobet \u00e4r ett popul\u00e4rt val f\u00f6r svenska spelare som vill spela tryggt och snabbt.\",\"breadcrumb\":{\"@id\":\"https:\\\/\\\/casino-roobet.com\\\/sv\\\/#breadcrumb\"},\"inLanguage\":\"sv-SE\",\"potentialAction\":[{\"@type\":\"ReadAction\",\"target\":[\"https:\\\/\\\/casino-roobet.com\\\/sv\\\/\"]}]},{\"@type\":\"BreadcrumbList\",\"@id\":\"https:\\\/\\\/casino-roobet.com\\\/sv\\\/#breadcrumb\",\"itemListElement\":[{\"@type\":\"ListItem\",\"position\":1,\"name\":\"Home\",\"item\":\"https:\\\/\\\/casino-roobet.com\\\/sv\\\/\"},{\"@type\":\"ListItem\",\"position\":2,\"name\":\"Roobet Casino\"}]},{\"@type\":\"WebSite\",\"@id\":\"https:\\\/\\\/casino-roobet.com\\\/sv\\\/#website\",\"url\":\"https:\\\/\\\/casino-roobet.com\\\/sv\\\/\",\"name\":\"Roobet Sv\",\"description\":\"Roobet\",\"potentialAction\":[{\"@type\":\"SearchAction\",\"target\":{\"@type\":\"EntryPoint\",\"urlTemplate\":\"https:\\\/\\\/casino-roobet.com\\\/sv\\\/?s={search_term_string}\"},\"query-input\":{\"@type\":\"PropertyValueSpecification\",\"valueRequired\":true,\"valueName\":\"search_term_string\"}}],\"inLanguage\":\"sv-SE\"}]}<\/script>\n<!-- \/ Yoast SEO plugin. -->","yoast_head_json":{"title":"Roobet Sverige | Crypto Casino med Bonusar & Snabb Registrering","description":"Njut av bonusar, crypto-ins\u00e4ttningar och blixtsnabba uttag. Roobet \u00e4r ett popul\u00e4rt val f\u00f6r svenska spelare som vill spela tryggt och snabbt.","robots":{"index":"index","follow":"follow","max-snippet":"max-snippet:-1","max-image-preview":"max-image-preview:large","max-video-preview":"max-video-preview:-1"},"canonical":"https:\/\/casino-roobet.com\/sv\/","og_locale":"sv_SE","og_type":"article","og_title":"Roobet Sverige | Crypto Casino med Bonusar & Snabb Registrering","og_description":"Njut av bonusar, crypto-ins\u00e4ttningar och blixtsnabba uttag. Roobet \u00e4r ett popul\u00e4rt val f\u00f6r svenska spelare som vill spela tryggt och snabbt.","og_url":"https:\/\/casino-roobet.com\/sv\/","og_site_name":"Roobet Sv","article_modified_time":"2025-12-09T12:34:15+00:00","twitter_card":"summary_large_image","schema":{"@context":"https:\/\/schema.org","@graph":[{"@type":"WebPage","@id":"https:\/\/casino-roobet.com\/sv\/","url":"https:\/\/casino-roobet.com\/sv\/","name":"Roobet Sverige | Crypto Casino med Bonusar & Snabb Registrering","isPartOf":{"@id":"https:\/\/casino-roobet.com\/sv\/#website"},"datePublished":"2025-12-02T15:25:30+00:00","dateModified":"2025-12-09T12:34:15+00:00","description":"Njut av bonusar, crypto-ins\u00e4ttningar och blixtsnabba uttag. Roobet \u00e4r ett popul\u00e4rt val f\u00f6r svenska spelare som vill spela tryggt och snabbt.","breadcrumb":{"@id":"https:\/\/casino-roobet.com\/sv\/#breadcrumb"},"inLanguage":"sv-SE","potentialAction":[{"@type":"ReadAction","target":["https:\/\/casino-roobet.com\/sv\/"]}]},{"@type":"BreadcrumbList","@id":"https:\/\/casino-roobet.com\/sv\/#breadcrumb","itemListElement":[{"@type":"ListItem","position":1,"name":"Home","item":"https:\/\/casino-roobet.com\/sv\/"},{"@type":"ListItem","position":2,"name":"Roobet Casino"}]},{"@type":"WebSite","@id":"https:\/\/casino-roobet.com\/sv\/#website","url":"https:\/\/casino-roobet.com\/sv\/","name":"Roobet Sv","description":"Roobet","potentialAction":[{"@type":"SearchAction","target":{"@type":"EntryPoint","urlTemplate":"https:\/\/casino-roobet.com\/sv\/?s={search_term_string}"},"query-input":{"@type":"PropertyValueSpecification","valueRequired":true,"valueName":"search_term_string"}}],"inLanguage":"sv-SE"}]}},"_links":{"self":[{"href":"https:\/\/casino-roobet.com\/sv\/wp-json\/wp\/v2\/pages\/457","targetHints":{"allow":["GET"]}}],"collection":[{"href":"https:\/\/casino-roobet.com\/sv\/wp-json\/wp\/v2\/pages"}],"about":[{"href":"https:\/\/casino-roobet.com\/sv\/wp-json\/wp\/v2\/types\/page"}],"author":[{"embeddable":true,"href":"https:\/\/casino-roobet.com\/sv\/wp-json\/wp\/v2\/users\/1"}],"replies":[{"embeddable":true,"href":"https:\/\/casino-roobet.com\/sv\/wp-json\/wp\/v2\/comments?post=457"}],"version-history":[{"count":41,"href":"https:\/\/casino-roobet.com\/sv\/wp-json\/wp\/v2\/pages\/457\/revisions"}],"predecessor-version":[{"id":547,"href":"https:\/\/casino-roobet.com\/sv\/wp-json\/wp\/v2\/pages\/457\/revisions\/547"}],"wp:attachment":[{"href":"https:\/\/casino-roobet.com\/sv\/wp-json\/wp\/v2\/media?parent=457"}],"curies":[{"name":"wp","href":"https:\/\/api.w.org\/{rel}","templated":true}]}}